{"id":8103,"date":"2026-04-08T05:57:56","date_gmt":"2026-04-08T05:57:56","guid":{"rendered":"https:\/\/smart-car-accessories.com\/de\/?post_type=product&#038;p=8103"},"modified":"2026-04-08T06:03:17","modified_gmt":"2026-04-08T06:03:17","slug":"aetherischer-oel-diffusor-fuer-auto","status":"publish","type":"product","link":"https:\/\/smart-car-accessories.com\/de\/product\/aetherischer-oel-diffusor-fuer-auto\/","title":{"rendered":"\u00c4therischer \u00d6l-Diffusor f\u00fcr Auto"},"content":{"rendered":"","protected":false},"excerpt":{"rendered":"","protected":false},"featured_media":8394,"comment_status":"closed","ping_status":"closed","template":"","meta":[],"product_brand":[],"product_cat":[],"product_tag":[319,320],"class_list":{"0":"post-8103","1":"product","2":"type-product","3":"status-publish","4":"has-post-thumbnail","6":"product_tag-diffuseur-parfum","7":"product_tag-parfum-voiture","9":"first","10":"instock","11":"sale","12":"taxable","13":"shipping-taxable","14":"purchasable","15":"product-type-variable"},"_links":{"self":[{"href":"https:\/\/smart-car-accessories.com\/de\/wp-json\/wp\/v2\/product\/8103","targetHints":{"allow":["GET"]}}],"collection":[{"href":"https:\/\/smart-car-accessories.com\/de\/wp-json\/wp\/v2\/product"}],"about":[{"href":"https:\/\/smart-car-accessories.com\/de\/wp-json\/wp\/v2\/types\/product"}],"replies":[{"embeddable":true,"href":"https:\/\/smart-car-accessories.com\/de\/wp-json\/wp\/v2\/comments?post=8103"}],"wp:featuredmedia":[{"embeddable":true,"href":"https:\/\/smart-car-accessories.com\/de\/wp-json\/wp\/v2\/media\/8394"}],"wp:attachment":[{"href":"https:\/\/smart-car-accessories.com\/de\/wp-json\/wp\/v2\/media?parent=8103"}],"wp:term":[{"taxonomy":"product_brand","embeddable":true,"href":"https:\/\/smart-car-accessories.com\/de\/wp-json\/wp\/v2\/product_brand?post=8103"},{"taxonomy":"product_cat","embeddable":true,"href":"https:\/\/smart-car-accessories.com\/de\/wp-json\/wp\/v2\/product_cat?post=8103"},{"taxonomy":"product_tag","embeddable":true,"href":"https:\/\/smart-car-accessories.com\/de\/wp-json\/wp\/v2\/product_tag?post=8103"}],"curies":[{"name":"wp","href":"https:\/\/api.w.org\/{rel}","templated":true}]}}