{"id":7946,"date":"2026-04-08T06:04:03","date_gmt":"2026-04-08T06:04:03","guid":{"rendered":"https:\/\/smart-car-accessories.com\/es\/?post_type=product&#038;p=7946"},"modified":"2026-04-08T06:09:40","modified_gmt":"2026-04-08T06:09:40","slug":"soporte-magnetico-para-telefono-de-coche-materiales-ecologicos","status":"publish","type":"product","link":"https:\/\/smart-car-accessories.com\/es\/product\/soporte-magnetico-para-telefono-de-coche-materiales-ecologicos\/","title":{"rendered":"Soporte Magn\u00e9tico para Tel\u00e9fono de Coche | Materiales Ecol\u00f3gicos\u00ae"},"content":{"rendered":"","protected":false},"excerpt":{"rendered":"","protected":false},"featured_media":8237,"comment_status":"closed","ping_status":"closed","template":"","meta":[],"product_brand":[],"product_cat":[330,370],"product_tag":[297,293],"class_list":{"0":"post-7946","1":"product","2":"type-product","3":"status-publish","4":"has-post-thumbnail","6":"product_cat-accesorios","7":"product_cat-soportes-magneticos","8":"product_tag-support-telephone-magnetique","9":"product_tag-support-telephone-voiture","11":"first","12":"instock","13":"taxable","14":"shipping-taxable","15":"purchasable","16":"product-type-variable"},"_links":{"self":[{"href":"https:\/\/smart-car-accessories.com\/es\/wp-json\/wp\/v2\/product\/7946","targetHints":{"allow":["GET"]}}],"collection":[{"href":"https:\/\/smart-car-accessories.com\/es\/wp-json\/wp\/v2\/product"}],"about":[{"href":"https:\/\/smart-car-accessories.com\/es\/wp-json\/wp\/v2\/types\/product"}],"replies":[{"embeddable":true,"href":"https:\/\/smart-car-accessories.com\/es\/wp-json\/wp\/v2\/comments?post=7946"}],"wp:featuredmedia":[{"embeddable":true,"href":"https:\/\/smart-car-accessories.com\/es\/wp-json\/wp\/v2\/media\/8237"}],"wp:attachment":[{"href":"https:\/\/smart-car-accessories.com\/es\/wp-json\/wp\/v2\/media?parent=7946"}],"wp:term":[{"taxonomy":"product_brand","embeddable":true,"href":"https:\/\/smart-car-accessories.com\/es\/wp-json\/wp\/v2\/product_brand?post=7946"},{"taxonomy":"product_cat","embeddable":true,"href":"https:\/\/smart-car-accessories.com\/es\/wp-json\/wp\/v2\/product_cat?post=7946"},{"taxonomy":"product_tag","embeddable":true,"href":"https:\/\/smart-car-accessories.com\/es\/wp-json\/wp\/v2\/product_tag?post=7946"}],"curies":[{"name":"wp","href":"https:\/\/api.w.org\/{rel}","templated":true}]}}