{"id":7891,"date":"2026-04-08T05:32:58","date_gmt":"2026-04-08T05:32:58","guid":{"rendered":"https:\/\/smart-car-accessories.com\/hr\/?post_type=product&#038;p=7891"},"modified":"2026-04-08T05:40:06","modified_gmt":"2026-04-08T05:40:06","slug":"mocni-bezicni-visokotlacni-cistac-220-bar-5-u-1-powerjet","status":"publish","type":"product","link":"https:\/\/smart-car-accessories.com\/hr\/product\/mocni-bezicni-visokotlacni-cistac-220-bar-5-u-1-powerjet\/","title":{"rendered":"Mo\u0107ni be\u017ei\u010dni visokotla\u010dni \u010dista\u010d \u2013 220 Bar 5 u 1 | PowerJet\u00ae"},"content":{"rendered":"","protected":false},"excerpt":{"rendered":"","protected":false},"featured_media":8182,"comment_status":"closed","ping_status":"closed","template":"","meta":[],"product_brand":[],"product_cat":[331,349],"product_tag":[],"class_list":{"0":"post-7891","1":"product","2":"type-product","3":"status-publish","4":"has-post-thumbnail","6":"product_cat-skladistenje-i-ciscenje","7":"product_cat-visokotlacni-cistaci","9":"first","10":"instock","11":"sale","12":"taxable","13":"shipping-taxable","14":"purchasable","15":"product-type-variable"},"_links":{"self":[{"href":"https:\/\/smart-car-accessories.com\/hr\/wp-json\/wp\/v2\/product\/7891","targetHints":{"allow":["GET"]}}],"collection":[{"href":"https:\/\/smart-car-accessories.com\/hr\/wp-json\/wp\/v2\/product"}],"about":[{"href":"https:\/\/smart-car-accessories.com\/hr\/wp-json\/wp\/v2\/types\/product"}],"replies":[{"embeddable":true,"href":"https:\/\/smart-car-accessories.com\/hr\/wp-json\/wp\/v2\/comments?post=7891"}],"wp:featuredmedia":[{"embeddable":true,"href":"https:\/\/smart-car-accessories.com\/hr\/wp-json\/wp\/v2\/media\/8182"}],"wp:attachment":[{"href":"https:\/\/smart-car-accessories.com\/hr\/wp-json\/wp\/v2\/media?parent=7891"}],"wp:term":[{"taxonomy":"product_brand","embeddable":true,"href":"https:\/\/smart-car-accessories.com\/hr\/wp-json\/wp\/v2\/product_brand?post=7891"},{"taxonomy":"product_cat","embeddable":true,"href":"https:\/\/smart-car-accessories.com\/hr\/wp-json\/wp\/v2\/product_cat?post=7891"},{"taxonomy":"product_tag","embeddable":true,"href":"https:\/\/smart-car-accessories.com\/hr\/wp-json\/wp\/v2\/product_tag?post=7891"}],"curies":[{"name":"wp","href":"https:\/\/api.w.org\/{rel}","templated":true}]}}