{"id":7930,"date":"2026-04-08T05:33:10","date_gmt":"2026-04-08T05:33:10","guid":{"rendered":"https:\/\/smart-car-accessories.com\/hr\/?post_type=product&#038;p=7930"},"modified":"2026-04-08T05:40:10","modified_gmt":"2026-04-08T05:40:10","slug":"mreza-za-zastitu-automobila-prakticna-sigurnost","status":"publish","type":"product","link":"https:\/\/smart-car-accessories.com\/hr\/product\/mreza-za-zastitu-automobila-prakticna-sigurnost\/","title":{"rendered":"Mre\u017ea za za\u0161titu automobila | Prakti\u010dna sigurnost\u00ae"},"content":{"rendered":"","protected":false},"excerpt":{"rendered":"","protected":false},"featured_media":8221,"comment_status":"closed","ping_status":"closed","template":"","meta":[],"product_brand":[],"product_cat":[333,359],"product_tag":[295],"class_list":{"0":"post-7930","1":"product","2":"type-product","3":"status-publish","4":"has-post-thumbnail","6":"product_cat-dekoracije","7":"product_cat-dekoracije-za-vjencanje","8":"product_tag-protection-voiture-chien","10":"first","11":"instock","12":"taxable","13":"shipping-taxable","14":"purchasable","15":"product-type-variable"},"_links":{"self":[{"href":"https:\/\/smart-car-accessories.com\/hr\/wp-json\/wp\/v2\/product\/7930","targetHints":{"allow":["GET"]}}],"collection":[{"href":"https:\/\/smart-car-accessories.com\/hr\/wp-json\/wp\/v2\/product"}],"about":[{"href":"https:\/\/smart-car-accessories.com\/hr\/wp-json\/wp\/v2\/types\/product"}],"replies":[{"embeddable":true,"href":"https:\/\/smart-car-accessories.com\/hr\/wp-json\/wp\/v2\/comments?post=7930"}],"wp:featuredmedia":[{"embeddable":true,"href":"https:\/\/smart-car-accessories.com\/hr\/wp-json\/wp\/v2\/media\/8221"}],"wp:attachment":[{"href":"https:\/\/smart-car-accessories.com\/hr\/wp-json\/wp\/v2\/media?parent=7930"}],"wp:term":[{"taxonomy":"product_brand","embeddable":true,"href":"https:\/\/smart-car-accessories.com\/hr\/wp-json\/wp\/v2\/product_brand?post=7930"},{"taxonomy":"product_cat","embeddable":true,"href":"https:\/\/smart-car-accessories.com\/hr\/wp-json\/wp\/v2\/product_cat?post=7930"},{"taxonomy":"product_tag","embeddable":true,"href":"https:\/\/smart-car-accessories.com\/hr\/wp-json\/wp\/v2\/product_tag?post=7930"}],"curies":[{"name":"wp","href":"https:\/\/api.w.org\/{rel}","templated":true}]}}