{"id":7969,"date":"2026-04-08T05:33:18","date_gmt":"2026-04-08T05:33:18","guid":{"rendered":"https:\/\/smart-car-accessories.com\/hr\/?post_type=product&#038;p=7969"},"modified":"2026-04-08T05:40:14","modified_gmt":"2026-04-08T05:40:14","slug":"suncobran-carapa-trenutna-osvjezavajuca","status":"publish","type":"product","link":"https:\/\/smart-car-accessories.com\/hr\/product\/suncobran-carapa-trenutna-osvjezavajuca\/","title":{"rendered":"Suncobran \u010carapa | Trenutna Osvje\u017eavaju\u0107a\u00ae"},"content":{"rendered":"","protected":false},"excerpt":{"rendered":"","protected":false},"featured_media":8260,"comment_status":"closed","ping_status":"closed","template":"","meta":[],"product_brand":[],"product_cat":[330,345],"product_tag":[300],"class_list":{"0":"post-7969","1":"product","2":"type-product","3":"status-publish","4":"has-post-thumbnail","6":"product_cat-dodaci","7":"product_cat-sjenila","8":"product_tag-pare-soleil-voiture","10":"first","11":"instock","12":"sale","13":"taxable","14":"shipping-taxable","15":"purchasable","16":"product-type-variable"},"_links":{"self":[{"href":"https:\/\/smart-car-accessories.com\/hr\/wp-json\/wp\/v2\/product\/7969","targetHints":{"allow":["GET"]}}],"collection":[{"href":"https:\/\/smart-car-accessories.com\/hr\/wp-json\/wp\/v2\/product"}],"about":[{"href":"https:\/\/smart-car-accessories.com\/hr\/wp-json\/wp\/v2\/types\/product"}],"replies":[{"embeddable":true,"href":"https:\/\/smart-car-accessories.com\/hr\/wp-json\/wp\/v2\/comments?post=7969"}],"wp:featuredmedia":[{"embeddable":true,"href":"https:\/\/smart-car-accessories.com\/hr\/wp-json\/wp\/v2\/media\/8260"}],"wp:attachment":[{"href":"https:\/\/smart-car-accessories.com\/hr\/wp-json\/wp\/v2\/media?parent=7969"}],"wp:term":[{"taxonomy":"product_brand","embeddable":true,"href":"https:\/\/smart-car-accessories.com\/hr\/wp-json\/wp\/v2\/product_brand?post=7969"},{"taxonomy":"product_cat","embeddable":true,"href":"https:\/\/smart-car-accessories.com\/hr\/wp-json\/wp\/v2\/product_cat?post=7969"},{"taxonomy":"product_tag","embeddable":true,"href":"https:\/\/smart-car-accessories.com\/hr\/wp-json\/wp\/v2\/product_tag?post=7969"}],"curies":[{"name":"wp","href":"https:\/\/api.w.org\/{rel}","templated":true}]}}