{"id":8151,"date":"2026-04-08T05:33:59","date_gmt":"2026-04-08T05:33:59","guid":{"rendered":"https:\/\/smart-car-accessories.com\/hr\/?post_type=product&#038;p=8151"},"modified":"2026-04-08T05:36:05","modified_gmt":"2026-04-08T05:36:05","slug":"grijani-i-masazni-kozni-jastucic-za-sjedenje","status":"publish","type":"product","link":"https:\/\/smart-car-accessories.com\/hr\/product\/grijani-i-masazni-kozni-jastucic-za-sjedenje\/","title":{"rendered":"Grijani i masa\u017eni ko\u017eni jastu\u010di\u0107 za sjedenje"},"content":{"rendered":"","protected":false},"excerpt":{"rendered":"","protected":false},"featured_media":8442,"comment_status":"closed","ping_status":"closed","template":"","meta":[],"product_brand":[],"product_cat":[355,332],"product_tag":[283,284],"class_list":{"0":"post-8151","1":"product","2":"type-product","3":"status-publish","4":"has-post-thumbnail","6":"product_cat-jastucici-za-sjedenje","7":"product_cat-udobnost","8":"product_tag-coussin-lombaire-voiture","9":"product_tag-coussin-voiture","11":"first","12":"instock","13":"sale","14":"taxable","15":"shipping-taxable","16":"purchasable","17":"product-type-simple"},"_links":{"self":[{"href":"https:\/\/smart-car-accessories.com\/hr\/wp-json\/wp\/v2\/product\/8151","targetHints":{"allow":["GET"]}}],"collection":[{"href":"https:\/\/smart-car-accessories.com\/hr\/wp-json\/wp\/v2\/product"}],"about":[{"href":"https:\/\/smart-car-accessories.com\/hr\/wp-json\/wp\/v2\/types\/product"}],"replies":[{"embeddable":true,"href":"https:\/\/smart-car-accessories.com\/hr\/wp-json\/wp\/v2\/comments?post=8151"}],"wp:featuredmedia":[{"embeddable":true,"href":"https:\/\/smart-car-accessories.com\/hr\/wp-json\/wp\/v2\/media\/8442"}],"wp:attachment":[{"href":"https:\/\/smart-car-accessories.com\/hr\/wp-json\/wp\/v2\/media?parent=8151"}],"wp:term":[{"taxonomy":"product_brand","embeddable":true,"href":"https:\/\/smart-car-accessories.com\/hr\/wp-json\/wp\/v2\/product_brand?post=8151"},{"taxonomy":"product_cat","embeddable":true,"href":"https:\/\/smart-car-accessories.com\/hr\/wp-json\/wp\/v2\/product_cat?post=8151"},{"taxonomy":"product_tag","embeddable":true,"href":"https:\/\/smart-car-accessories.com\/hr\/wp-json\/wp\/v2\/product_tag?post=8151"}],"curies":[{"name":"wp","href":"https:\/\/api.w.org\/{rel}","templated":true}]}}