{"id":8161,"date":"2026-04-08T05:34:02","date_gmt":"2026-04-08T05:34:02","guid":{"rendered":"https:\/\/smart-car-accessories.com\/hr\/?post_type=product&#038;p=8161"},"modified":"2026-04-08T05:36:09","modified_gmt":"2026-04-08T05:36:09","slug":"360-rotirajuca-auto-ploca-s-ugradenim-drzacem-za-telefon-i-drzacem-za-salice","status":"publish","type":"product","link":"https:\/\/smart-car-accessories.com\/hr\/product\/360-rotirajuca-auto-ploca-s-ugradenim-drzacem-za-telefon-i-drzacem-za-salice\/","title":{"rendered":"360\u00b0 Rotiraju\u0107a Auto Plo\u010da s Ugra\u0111enim Dr\u017ea\u010dem za Telefon i Dr\u017ea\u010dem za \u0160alice"},"content":{"rendered":"","protected":false},"excerpt":{"rendered":"","protected":false},"featured_media":8452,"comment_status":"closed","ping_status":"closed","template":"","meta":[],"product_brand":[],"product_cat":[329],"product_tag":[326,293],"class_list":{"0":"post-8161","1":"product","2":"type-product","3":"status-publish","4":"has-post-thumbnail","6":"product_cat-sigurnost","7":"product_tag-accessoire-interieur-voiture","8":"product_tag-support-telephone-voiture","10":"first","11":"instock","12":"taxable","13":"shipping-taxable","14":"purchasable","15":"product-type-simple"},"_links":{"self":[{"href":"https:\/\/smart-car-accessories.com\/hr\/wp-json\/wp\/v2\/product\/8161","targetHints":{"allow":["GET"]}}],"collection":[{"href":"https:\/\/smart-car-accessories.com\/hr\/wp-json\/wp\/v2\/product"}],"about":[{"href":"https:\/\/smart-car-accessories.com\/hr\/wp-json\/wp\/v2\/types\/product"}],"replies":[{"embeddable":true,"href":"https:\/\/smart-car-accessories.com\/hr\/wp-json\/wp\/v2\/comments?post=8161"}],"wp:featuredmedia":[{"embeddable":true,"href":"https:\/\/smart-car-accessories.com\/hr\/wp-json\/wp\/v2\/media\/8452"}],"wp:attachment":[{"href":"https:\/\/smart-car-accessories.com\/hr\/wp-json\/wp\/v2\/media?parent=8161"}],"wp:term":[{"taxonomy":"product_brand","embeddable":true,"href":"https:\/\/smart-car-accessories.com\/hr\/wp-json\/wp\/v2\/product_brand?post=8161"},{"taxonomy":"product_cat","embeddable":true,"href":"https:\/\/smart-car-accessories.com\/hr\/wp-json\/wp\/v2\/product_cat?post=8161"},{"taxonomy":"product_tag","embeddable":true,"href":"https:\/\/smart-car-accessories.com\/hr\/wp-json\/wp\/v2\/product_tag?post=8161"}],"curies":[{"name":"wp","href":"https:\/\/api.w.org\/{rel}","templated":true}]}}