{"id":7878,"date":"2026-04-08T06:10:23","date_gmt":"2026-04-08T06:10:23","guid":{"rendered":"https:\/\/smart-car-accessories.com\/pl\/?post_type=product&#038;p=7878"},"modified":"2026-04-08T06:17:42","modified_gmt":"2026-04-08T06:17:42","slug":"ekran-carplay-moto-wodoodporny-i-uniwersalny-nawigacja-bezpieczenstwo-i-lacznosc","status":"publish","type":"product","link":"https:\/\/smart-car-accessories.com\/pl\/product\/ekran-carplay-moto-wodoodporny-i-uniwersalny-nawigacja-bezpieczenstwo-i-lacznosc\/","title":{"rendered":"Ekran Carplay Moto | Wodoodporny i Uniwersalny \u2013 Nawigacja, Bezpiecze\u0144stwo i \u0141\u0105czno\u015b\u0107"},"content":{"rendered":"","protected":false},"excerpt":{"rendered":"","protected":false},"featured_media":8169,"comment_status":"closed","ping_status":"closed","template":"","meta":[],"product_brand":[],"product_cat":[366,335],"product_tag":[282],"class_list":{"0":"post-7878","1":"product","2":"type-product","3":"status-publish","4":"has-post-thumbnail","6":"product_cat-carplay","7":"product_cat-multimedia","8":"product_tag-carplay-voiture","10":"first","11":"instock","12":"sale","13":"taxable","14":"shipping-taxable","15":"purchasable","16":"product-type-variable"},"_links":{"self":[{"href":"https:\/\/smart-car-accessories.com\/pl\/wp-json\/wp\/v2\/product\/7878","targetHints":{"allow":["GET"]}}],"collection":[{"href":"https:\/\/smart-car-accessories.com\/pl\/wp-json\/wp\/v2\/product"}],"about":[{"href":"https:\/\/smart-car-accessories.com\/pl\/wp-json\/wp\/v2\/types\/product"}],"replies":[{"embeddable":true,"href":"https:\/\/smart-car-accessories.com\/pl\/wp-json\/wp\/v2\/comments?post=7878"}],"wp:featuredmedia":[{"embeddable":true,"href":"https:\/\/smart-car-accessories.com\/pl\/wp-json\/wp\/v2\/media\/8169"}],"wp:attachment":[{"href":"https:\/\/smart-car-accessories.com\/pl\/wp-json\/wp\/v2\/media?parent=7878"}],"wp:term":[{"taxonomy":"product_brand","embeddable":true,"href":"https:\/\/smart-car-accessories.com\/pl\/wp-json\/wp\/v2\/product_brand?post=7878"},{"taxonomy":"product_cat","embeddable":true,"href":"https:\/\/smart-car-accessories.com\/pl\/wp-json\/wp\/v2\/product_cat?post=7878"},{"taxonomy":"product_tag","embeddable":true,"href":"https:\/\/smart-car-accessories.com\/pl\/wp-json\/wp\/v2\/product_tag?post=7878"}],"curies":[{"name":"wp","href":"https:\/\/api.w.org\/{rel}","templated":true}]}}