{"id":7984,"date":"2026-04-08T06:10:51","date_gmt":"2026-04-08T06:10:51","guid":{"rendered":"https:\/\/smart-car-accessories.com\/pl\/?post_type=product&#038;p=7984"},"modified":"2026-04-08T06:17:52","modified_gmt":"2026-04-08T06:17:52","slug":"skladana-oslona-przeciwsloneczna-jakosc-premium","status":"publish","type":"product","link":"https:\/\/smart-car-accessories.com\/pl\/product\/skladana-oslona-przeciwsloneczna-jakosc-premium\/","title":{"rendered":"Sk\u0142adana Os\u0142ona Przeciws\u0142oneczna | Jako\u015b\u0107 Premium \u00ae"},"content":{"rendered":"","protected":false},"excerpt":{"rendered":"","protected":false},"featured_media":8275,"comment_status":"closed","ping_status":"closed","template":"","meta":[],"product_brand":[],"product_cat":[330,345],"product_tag":[300],"class_list":{"0":"post-7984","1":"product","2":"type-product","3":"status-publish","4":"has-post-thumbnail","6":"product_cat-akcesoria","7":"product_cat-oslony-przeciwsoneczne","8":"product_tag-pare-soleil-voiture","10":"first","11":"instock","12":"taxable","13":"shipping-taxable","14":"purchasable","15":"product-type-variable"},"_links":{"self":[{"href":"https:\/\/smart-car-accessories.com\/pl\/wp-json\/wp\/v2\/product\/7984","targetHints":{"allow":["GET"]}}],"collection":[{"href":"https:\/\/smart-car-accessories.com\/pl\/wp-json\/wp\/v2\/product"}],"about":[{"href":"https:\/\/smart-car-accessories.com\/pl\/wp-json\/wp\/v2\/types\/product"}],"replies":[{"embeddable":true,"href":"https:\/\/smart-car-accessories.com\/pl\/wp-json\/wp\/v2\/comments?post=7984"}],"wp:featuredmedia":[{"embeddable":true,"href":"https:\/\/smart-car-accessories.com\/pl\/wp-json\/wp\/v2\/media\/8275"}],"wp:attachment":[{"href":"https:\/\/smart-car-accessories.com\/pl\/wp-json\/wp\/v2\/media?parent=7984"}],"wp:term":[{"taxonomy":"product_brand","embeddable":true,"href":"https:\/\/smart-car-accessories.com\/pl\/wp-json\/wp\/v2\/product_brand?post=7984"},{"taxonomy":"product_cat","embeddable":true,"href":"https:\/\/smart-car-accessories.com\/pl\/wp-json\/wp\/v2\/product_cat?post=7984"},{"taxonomy":"product_tag","embeddable":true,"href":"https:\/\/smart-car-accessories.com\/pl\/wp-json\/wp\/v2\/product_tag?post=7984"}],"curies":[{"name":"wp","href":"https:\/\/api.w.org\/{rel}","templated":true}]}}