{"id":8052,"date":"2026-04-08T06:11:08","date_gmt":"2026-04-08T06:11:08","guid":{"rendered":"https:\/\/smart-car-accessories.com\/pl\/?post_type=product&#038;p=8052"},"modified":"2026-04-08T06:12:47","modified_gmt":"2026-04-08T06:12:47","slug":"uchwyt-na-telefon-do-szyby-czolowej-gwarantowana-stabilnosc","status":"publish","type":"product","link":"https:\/\/smart-car-accessories.com\/pl\/product\/uchwyt-na-telefon-do-szyby-czolowej-gwarantowana-stabilnosc\/","title":{"rendered":"Uchwyt na telefon do szyby czo\u0142owej | Gwarantowana stabilno\u015b\u0107 \u00ae"},"content":{"rendered":"","protected":false},"excerpt":{"rendered":"","protected":false},"featured_media":8343,"comment_status":"closed","ping_status":"closed","template":"","meta":[],"product_brand":[],"product_cat":[],"product_tag":[293],"class_list":{"0":"post-8052","1":"product","2":"type-product","3":"status-publish","4":"has-post-thumbnail","6":"product_tag-support-telephone-voiture","8":"first","9":"instock","10":"sale","11":"taxable","12":"shipping-taxable","13":"purchasable","14":"product-type-simple"},"_links":{"self":[{"href":"https:\/\/smart-car-accessories.com\/pl\/wp-json\/wp\/v2\/product\/8052","targetHints":{"allow":["GET"]}}],"collection":[{"href":"https:\/\/smart-car-accessories.com\/pl\/wp-json\/wp\/v2\/product"}],"about":[{"href":"https:\/\/smart-car-accessories.com\/pl\/wp-json\/wp\/v2\/types\/product"}],"replies":[{"embeddable":true,"href":"https:\/\/smart-car-accessories.com\/pl\/wp-json\/wp\/v2\/comments?post=8052"}],"wp:featuredmedia":[{"embeddable":true,"href":"https:\/\/smart-car-accessories.com\/pl\/wp-json\/wp\/v2\/media\/8343"}],"wp:attachment":[{"href":"https:\/\/smart-car-accessories.com\/pl\/wp-json\/wp\/v2\/media?parent=8052"}],"wp:term":[{"taxonomy":"product_brand","embeddable":true,"href":"https:\/\/smart-car-accessories.com\/pl\/wp-json\/wp\/v2\/product_brand?post=8052"},{"taxonomy":"product_cat","embeddable":true,"href":"https:\/\/smart-car-accessories.com\/pl\/wp-json\/wp\/v2\/product_cat?post=8052"},{"taxonomy":"product_tag","embeddable":true,"href":"https:\/\/smart-car-accessories.com\/pl\/wp-json\/wp\/v2\/product_tag?post=8052"}],"curies":[{"name":"wp","href":"https:\/\/api.w.org\/{rel}","templated":true}]}}