{"id":8142,"date":"2026-04-08T06:11:31","date_gmt":"2026-04-08T06:11:31","guid":{"rendered":"https:\/\/smart-car-accessories.com\/pl\/?post_type=product&#038;p=8142"},"modified":"2026-04-08T06:13:23","modified_gmt":"2026-04-08T06:13:23","slug":"zabawka-pluszowa-dla-psow-2-w-1-pudelko-na-chusteczki-i-kosz-na-smieci-do-podlokietnika-samochodowego","status":"publish","type":"product","link":"https:\/\/smart-car-accessories.com\/pl\/product\/zabawka-pluszowa-dla-psow-2-w-1-pudelko-na-chusteczki-i-kosz-na-smieci-do-podlokietnika-samochodowego\/","title":{"rendered":"Zabawka Pluszowa dla Ps\u00f3w 2 w 1 Pude\u0142ko na Chusteczki i Kosz na \u015amieci do Pod\u0142okietnika Samochodowego"},"content":{"rendered":"","protected":false},"excerpt":{"rendered":"","protected":false},"featured_media":8433,"comment_status":"closed","ping_status":"closed","template":"","meta":[],"product_brand":[],"product_cat":[333,361],"product_tag":[],"class_list":{"0":"post-8142","1":"product","2":"type-product","3":"status-publish","4":"has-post-thumbnail","6":"product_cat-dekoracje","7":"product_cat-dekoracje-samochodowe","9":"first","10":"instock","11":"taxable","12":"shipping-taxable","13":"purchasable","14":"product-type-simple"},"_links":{"self":[{"href":"https:\/\/smart-car-accessories.com\/pl\/wp-json\/wp\/v2\/product\/8142","targetHints":{"allow":["GET"]}}],"collection":[{"href":"https:\/\/smart-car-accessories.com\/pl\/wp-json\/wp\/v2\/product"}],"about":[{"href":"https:\/\/smart-car-accessories.com\/pl\/wp-json\/wp\/v2\/types\/product"}],"replies":[{"embeddable":true,"href":"https:\/\/smart-car-accessories.com\/pl\/wp-json\/wp\/v2\/comments?post=8142"}],"wp:featuredmedia":[{"embeddable":true,"href":"https:\/\/smart-car-accessories.com\/pl\/wp-json\/wp\/v2\/media\/8433"}],"wp:attachment":[{"href":"https:\/\/smart-car-accessories.com\/pl\/wp-json\/wp\/v2\/media?parent=8142"}],"wp:term":[{"taxonomy":"product_brand","embeddable":true,"href":"https:\/\/smart-car-accessories.com\/pl\/wp-json\/wp\/v2\/product_brand?post=8142"},{"taxonomy":"product_cat","embeddable":true,"href":"https:\/\/smart-car-accessories.com\/pl\/wp-json\/wp\/v2\/product_cat?post=8142"},{"taxonomy":"product_tag","embeddable":true,"href":"https:\/\/smart-car-accessories.com\/pl\/wp-json\/wp\/v2\/product_tag?post=8142"}],"curies":[{"name":"wp","href":"https:\/\/api.w.org\/{rel}","templated":true}]}}