{"id":8152,"date":"2026-04-08T06:11:34","date_gmt":"2026-04-08T06:11:34","guid":{"rendered":"https:\/\/smart-car-accessories.com\/pl\/?post_type=product&#038;p=8152"},"modified":"2026-04-08T06:18:03","modified_gmt":"2026-04-08T06:18:03","slug":"poduszka-ledzwiowa-do-samochodu-z-zaglowkiem-z-pianki-pamieci","status":"publish","type":"product","link":"https:\/\/smart-car-accessories.com\/pl\/product\/poduszka-ledzwiowa-do-samochodu-z-zaglowkiem-z-pianki-pamieci\/","title":{"rendered":"Poduszka l\u0119d\u017awiowa do samochodu z zag\u0142\u00f3wkiem z pianki pami\u0119ci"},"content":{"rendered":"","protected":false},"excerpt":{"rendered":"","protected":false},"featured_media":8443,"comment_status":"closed","ping_status":"closed","template":"","meta":[],"product_brand":[],"product_cat":[332,356],"product_tag":[283,284,325],"class_list":{"0":"post-8152","1":"product","2":"type-product","3":"status-publish","4":"has-post-thumbnail","6":"product_cat-komfort","7":"product_cat-podlokietniki","8":"product_tag-coussin-lombaire-voiture","9":"product_tag-coussin-voiture","10":"product_tag-repose-tete-voiture","12":"first","13":"instock","14":"sale","15":"taxable","16":"shipping-taxable","17":"purchasable","18":"product-type-variable"},"_links":{"self":[{"href":"https:\/\/smart-car-accessories.com\/pl\/wp-json\/wp\/v2\/product\/8152","targetHints":{"allow":["GET"]}}],"collection":[{"href":"https:\/\/smart-car-accessories.com\/pl\/wp-json\/wp\/v2\/product"}],"about":[{"href":"https:\/\/smart-car-accessories.com\/pl\/wp-json\/wp\/v2\/types\/product"}],"replies":[{"embeddable":true,"href":"https:\/\/smart-car-accessories.com\/pl\/wp-json\/wp\/v2\/comments?post=8152"}],"wp:featuredmedia":[{"embeddable":true,"href":"https:\/\/smart-car-accessories.com\/pl\/wp-json\/wp\/v2\/media\/8443"}],"wp:attachment":[{"href":"https:\/\/smart-car-accessories.com\/pl\/wp-json\/wp\/v2\/media?parent=8152"}],"wp:term":[{"taxonomy":"product_brand","embeddable":true,"href":"https:\/\/smart-car-accessories.com\/pl\/wp-json\/wp\/v2\/product_brand?post=8152"},{"taxonomy":"product_cat","embeddable":true,"href":"https:\/\/smart-car-accessories.com\/pl\/wp-json\/wp\/v2\/product_cat?post=8152"},{"taxonomy":"product_tag","embeddable":true,"href":"https:\/\/smart-car-accessories.com\/pl\/wp-json\/wp\/v2\/product_tag?post=8152"}],"curies":[{"name":"wp","href":"https:\/\/api.w.org\/{rel}","templated":true}]}}