{"id":7889,"date":"2026-04-08T05:25:07","date_gmt":"2026-04-08T05:25:07","guid":{"rendered":"https:\/\/smart-car-accessories.com\/pt\/?post_type=product&#038;p=7889"},"modified":"2026-04-08T05:32:02","modified_gmt":"2026-04-08T05:32:02","slug":"liquido-restaurador-de-farois-fluido-de-reparacao-optica-automovel","status":"publish","type":"product","link":"https:\/\/smart-car-accessories.com\/pt\/product\/liquido-restaurador-de-farois-fluido-de-reparacao-optica-automovel\/","title":{"rendered":"L\u00edquido Restaurador de Far\u00f3is \u2013 Fluido de Repara\u00e7\u00e3o \u00d3ptica Autom\u00f3vel"},"content":{"rendered":"","protected":false},"excerpt":{"rendered":"","protected":false},"featured_media":8180,"comment_status":"closed","ping_status":"closed","template":"","meta":[],"product_brand":[],"product_cat":[331,352],"product_tag":[],"class_list":{"0":"post-7889","1":"product","2":"type-product","3":"status-publish","4":"has-post-thumbnail","6":"product_cat-armazenamento-e-limpeza","7":"product_cat-limpeza-de-carros","9":"first","10":"instock","11":"sale","12":"taxable","13":"shipping-taxable","14":"purchasable","15":"product-type-variable"},"_links":{"self":[{"href":"https:\/\/smart-car-accessories.com\/pt\/wp-json\/wp\/v2\/product\/7889","targetHints":{"allow":["GET"]}}],"collection":[{"href":"https:\/\/smart-car-accessories.com\/pt\/wp-json\/wp\/v2\/product"}],"about":[{"href":"https:\/\/smart-car-accessories.com\/pt\/wp-json\/wp\/v2\/types\/product"}],"replies":[{"embeddable":true,"href":"https:\/\/smart-car-accessories.com\/pt\/wp-json\/wp\/v2\/comments?post=7889"}],"wp:featuredmedia":[{"embeddable":true,"href":"https:\/\/smart-car-accessories.com\/pt\/wp-json\/wp\/v2\/media\/8180"}],"wp:attachment":[{"href":"https:\/\/smart-car-accessories.com\/pt\/wp-json\/wp\/v2\/media?parent=7889"}],"wp:term":[{"taxonomy":"product_brand","embeddable":true,"href":"https:\/\/smart-car-accessories.com\/pt\/wp-json\/wp\/v2\/product_brand?post=7889"},{"taxonomy":"product_cat","embeddable":true,"href":"https:\/\/smart-car-accessories.com\/pt\/wp-json\/wp\/v2\/product_cat?post=7889"},{"taxonomy":"product_tag","embeddable":true,"href":"https:\/\/smart-car-accessories.com\/pt\/wp-json\/wp\/v2\/product_tag?post=7889"}],"curies":[{"name":"wp","href":"https:\/\/api.w.org\/{rel}","templated":true}]}}