{"id":7944,"date":"2026-04-08T05:25:22","date_gmt":"2026-04-08T05:25:22","guid":{"rendered":"https:\/\/smart-car-accessories.com\/pt\/?post_type=product&#038;p=7944"},"modified":"2026-04-08T05:32:08","modified_gmt":"2026-04-08T05:32:08","slug":"cinto-de-seguranca-para-caes-de-carro-seguranca-canina","status":"publish","type":"product","link":"https:\/\/smart-car-accessories.com\/pt\/product\/cinto-de-seguranca-para-caes-de-carro-seguranca-canina\/","title":{"rendered":"Cinto de Seguran\u00e7a para C\u00e3es de Carro | Seguran\u00e7a Canina\u00ae"},"content":{"rendered":"","protected":false},"excerpt":{"rendered":"","protected":false},"featured_media":8235,"comment_status":"closed","ping_status":"closed","template":"","meta":[],"product_brand":[],"product_cat":[331,348],"product_tag":[295],"class_list":{"0":"post-7944","1":"product","2":"type-product","3":"status-publish","4":"has-post-thumbnail","6":"product_cat-armazenamento-e-limpeza","7":"product_cat-aspiradores-de-carro","8":"product_tag-protection-voiture-chien","10":"first","11":"instock","12":"sale","13":"taxable","14":"shipping-taxable","15":"purchasable","16":"product-type-variable"},"_links":{"self":[{"href":"https:\/\/smart-car-accessories.com\/pt\/wp-json\/wp\/v2\/product\/7944","targetHints":{"allow":["GET"]}}],"collection":[{"href":"https:\/\/smart-car-accessories.com\/pt\/wp-json\/wp\/v2\/product"}],"about":[{"href":"https:\/\/smart-car-accessories.com\/pt\/wp-json\/wp\/v2\/types\/product"}],"replies":[{"embeddable":true,"href":"https:\/\/smart-car-accessories.com\/pt\/wp-json\/wp\/v2\/comments?post=7944"}],"wp:featuredmedia":[{"embeddable":true,"href":"https:\/\/smart-car-accessories.com\/pt\/wp-json\/wp\/v2\/media\/8235"}],"wp:attachment":[{"href":"https:\/\/smart-car-accessories.com\/pt\/wp-json\/wp\/v2\/media?parent=7944"}],"wp:term":[{"taxonomy":"product_brand","embeddable":true,"href":"https:\/\/smart-car-accessories.com\/pt\/wp-json\/wp\/v2\/product_brand?post=7944"},{"taxonomy":"product_cat","embeddable":true,"href":"https:\/\/smart-car-accessories.com\/pt\/wp-json\/wp\/v2\/product_cat?post=7944"},{"taxonomy":"product_tag","embeddable":true,"href":"https:\/\/smart-car-accessories.com\/pt\/wp-json\/wp\/v2\/product_tag?post=7944"}],"curies":[{"name":"wp","href":"https:\/\/api.w.org\/{rel}","templated":true}]}}