{"id":8027,"date":"2026-04-08T05:25:41","date_gmt":"2026-04-08T05:25:41","guid":{"rendered":"https:\/\/smart-car-accessories.com\/pt\/?post_type=product&#038;p=8027"},"modified":"2026-04-08T05:32:12","modified_gmt":"2026-04-08T05:32:12","slug":"decoracao-de-carro-de-casamento-dia-magico","status":"publish","type":"product","link":"https:\/\/smart-car-accessories.com\/pt\/product\/decoracao-de-carro-de-casamento-dia-magico\/","title":{"rendered":"Decora\u00e7\u00e3o de Carro de Casamento | Dia M\u00e1gico \u00ae"},"content":{"rendered":"","protected":false},"excerpt":{"rendered":"","protected":false},"featured_media":8318,"comment_status":"closed","ping_status":"closed","template":"","meta":[],"product_brand":[],"product_cat":[333,359],"product_tag":[306],"class_list":{"0":"post-8027","1":"product","2":"type-product","3":"status-publish","4":"has-post-thumbnail","6":"product_cat-decoracoes","7":"product_cat-decoracoes-de-casamento","8":"product_tag-decoration-voiture-mariage","10":"first","11":"instock","12":"taxable","13":"shipping-taxable","14":"purchasable","15":"product-type-variable"},"_links":{"self":[{"href":"https:\/\/smart-car-accessories.com\/pt\/wp-json\/wp\/v2\/product\/8027","targetHints":{"allow":["GET"]}}],"collection":[{"href":"https:\/\/smart-car-accessories.com\/pt\/wp-json\/wp\/v2\/product"}],"about":[{"href":"https:\/\/smart-car-accessories.com\/pt\/wp-json\/wp\/v2\/types\/product"}],"replies":[{"embeddable":true,"href":"https:\/\/smart-car-accessories.com\/pt\/wp-json\/wp\/v2\/comments?post=8027"}],"wp:featuredmedia":[{"embeddable":true,"href":"https:\/\/smart-car-accessories.com\/pt\/wp-json\/wp\/v2\/media\/8318"}],"wp:attachment":[{"href":"https:\/\/smart-car-accessories.com\/pt\/wp-json\/wp\/v2\/media?parent=8027"}],"wp:term":[{"taxonomy":"product_brand","embeddable":true,"href":"https:\/\/smart-car-accessories.com\/pt\/wp-json\/wp\/v2\/product_brand?post=8027"},{"taxonomy":"product_cat","embeddable":true,"href":"https:\/\/smart-car-accessories.com\/pt\/wp-json\/wp\/v2\/product_cat?post=8027"},{"taxonomy":"product_tag","embeddable":true,"href":"https:\/\/smart-car-accessories.com\/pt\/wp-json\/wp\/v2\/product_tag?post=8027"}],"curies":[{"name":"wp","href":"https:\/\/api.w.org\/{rel}","templated":true}]}}