{"id":8142,"date":"2026-04-08T05:26:08","date_gmt":"2026-04-08T05:26:08","guid":{"rendered":"https:\/\/smart-car-accessories.com\/pt\/?post_type=product&#038;p=8142"},"modified":"2026-04-08T05:27:54","modified_gmt":"2026-04-08T05:27:54","slug":"brinquedo-de-pelucia-para-caes-2-em-1-caixa-de-lencos-e-lixeira-para-apoio-de-braco-do-carro","status":"publish","type":"product","link":"https:\/\/smart-car-accessories.com\/pt\/product\/brinquedo-de-pelucia-para-caes-2-em-1-caixa-de-lencos-e-lixeira-para-apoio-de-braco-do-carro\/","title":{"rendered":"Brinquedo de Pel\u00facia para C\u00e3es 2 em 1 Caixa de Len\u00e7os e Lixeira para Apoio de Bra\u00e7o do Carro"},"content":{"rendered":"","protected":false},"excerpt":{"rendered":"","protected":false},"featured_media":8433,"comment_status":"closed","ping_status":"closed","template":"","meta":[],"product_brand":[],"product_cat":[333,361],"product_tag":[],"class_list":{"0":"post-8142","1":"product","2":"type-product","3":"status-publish","4":"has-post-thumbnail","6":"product_cat-decoracoes","7":"product_cat-decoracoes-de-carro","9":"first","10":"instock","11":"taxable","12":"shipping-taxable","13":"purchasable","14":"product-type-simple"},"_links":{"self":[{"href":"https:\/\/smart-car-accessories.com\/pt\/wp-json\/wp\/v2\/product\/8142","targetHints":{"allow":["GET"]}}],"collection":[{"href":"https:\/\/smart-car-accessories.com\/pt\/wp-json\/wp\/v2\/product"}],"about":[{"href":"https:\/\/smart-car-accessories.com\/pt\/wp-json\/wp\/v2\/types\/product"}],"replies":[{"embeddable":true,"href":"https:\/\/smart-car-accessories.com\/pt\/wp-json\/wp\/v2\/comments?post=8142"}],"wp:featuredmedia":[{"embeddable":true,"href":"https:\/\/smart-car-accessories.com\/pt\/wp-json\/wp\/v2\/media\/8433"}],"wp:attachment":[{"href":"https:\/\/smart-car-accessories.com\/pt\/wp-json\/wp\/v2\/media?parent=8142"}],"wp:term":[{"taxonomy":"product_brand","embeddable":true,"href":"https:\/\/smart-car-accessories.com\/pt\/wp-json\/wp\/v2\/product_brand?post=8142"},{"taxonomy":"product_cat","embeddable":true,"href":"https:\/\/smart-car-accessories.com\/pt\/wp-json\/wp\/v2\/product_cat?post=8142"},{"taxonomy":"product_tag","embeddable":true,"href":"https:\/\/smart-car-accessories.com\/pt\/wp-json\/wp\/v2\/product_tag?post=8142"}],"curies":[{"name":"wp","href":"https:\/\/api.w.org\/{rel}","templated":true}]}}