{"id":7899,"date":"2026-04-08T05:16:54","date_gmt":"2026-04-08T05:16:54","guid":{"rendered":"https:\/\/smart-car-accessories.com\/ro\/?post_type=product&#038;p=7899"},"modified":"2026-04-08T05:24:14","modified_gmt":"2026-04-08T05:24:14","slug":"curatator-cu-presiune-fara-fir-50-bari-puternic-si-portabil","status":"publish","type":"product","link":"https:\/\/smart-car-accessories.com\/ro\/product\/curatator-cu-presiune-fara-fir-50-bari-puternic-si-portabil\/","title":{"rendered":"Cur\u0103\u021b\u0103tor cu Presiune F\u0103r\u0103 Fir 50 Bari | Puternic \u0219i Portabil"},"content":{"rendered":"","protected":false},"excerpt":{"rendered":"","protected":false},"featured_media":8190,"comment_status":"closed","ping_status":"closed","template":"","meta":[],"product_brand":[],"product_cat":[331,349],"product_tag":[287],"class_list":{"0":"post-7899","1":"product","2":"type-product","3":"status-publish","4":"has-post-thumbnail","6":"product_cat-depozitare-si-curatare","7":"product_cat-masini-de-spalat-cu-presiune","8":"product_tag-shoptok","10":"first","11":"instock","12":"sale","13":"taxable","14":"shipping-taxable","15":"purchasable","16":"product-type-variable"},"_links":{"self":[{"href":"https:\/\/smart-car-accessories.com\/ro\/wp-json\/wp\/v2\/product\/7899","targetHints":{"allow":["GET"]}}],"collection":[{"href":"https:\/\/smart-car-accessories.com\/ro\/wp-json\/wp\/v2\/product"}],"about":[{"href":"https:\/\/smart-car-accessories.com\/ro\/wp-json\/wp\/v2\/types\/product"}],"replies":[{"embeddable":true,"href":"https:\/\/smart-car-accessories.com\/ro\/wp-json\/wp\/v2\/comments?post=7899"}],"wp:featuredmedia":[{"embeddable":true,"href":"https:\/\/smart-car-accessories.com\/ro\/wp-json\/wp\/v2\/media\/8190"}],"wp:attachment":[{"href":"https:\/\/smart-car-accessories.com\/ro\/wp-json\/wp\/v2\/media?parent=7899"}],"wp:term":[{"taxonomy":"product_brand","embeddable":true,"href":"https:\/\/smart-car-accessories.com\/ro\/wp-json\/wp\/v2\/product_brand?post=7899"},{"taxonomy":"product_cat","embeddable":true,"href":"https:\/\/smart-car-accessories.com\/ro\/wp-json\/wp\/v2\/product_cat?post=7899"},{"taxonomy":"product_tag","embeddable":true,"href":"https:\/\/smart-car-accessories.com\/ro\/wp-json\/wp\/v2\/product_tag?post=7899"}],"curies":[{"name":"wp","href":"https:\/\/api.w.org\/{rel}","templated":true}]}}