{"id":7941,"date":"2026-04-08T05:17:08","date_gmt":"2026-04-08T05:17:08","guid":{"rendered":"https:\/\/smart-car-accessories.com\/ro\/?post_type=product&#038;p=7941"},"modified":"2026-04-08T05:18:40","modified_gmt":"2026-04-08T05:18:40","slug":"cusca-pentru-transportul-cainilor-in-masina-stil-usor","status":"publish","type":"product","link":"https:\/\/smart-car-accessories.com\/ro\/product\/cusca-pentru-transportul-cainilor-in-masina-stil-usor\/","title":{"rendered":"Cu\u0219c\u0103 pentru Transportul C\u00e2inilor \u00een Ma\u0219in\u0103 | Stil U\u0219or\u00ae"},"content":{"rendered":"","protected":false},"excerpt":{"rendered":"","protected":false},"featured_media":8232,"comment_status":"closed","ping_status":"closed","template":"","meta":[],"product_brand":[],"product_cat":[332,358],"product_tag":[295],"class_list":{"0":"post-7941","1":"product","2":"type-product","3":"status-publish","4":"has-post-thumbnail","6":"product_cat-confort","7":"product_cat-protectii-pentru-scaune-pentru-caini","8":"product_tag-protection-voiture-chien","10":"first","11":"instock","12":"sale","13":"taxable","14":"shipping-taxable","15":"purchasable","16":"product-type-simple"},"_links":{"self":[{"href":"https:\/\/smart-car-accessories.com\/ro\/wp-json\/wp\/v2\/product\/7941","targetHints":{"allow":["GET"]}}],"collection":[{"href":"https:\/\/smart-car-accessories.com\/ro\/wp-json\/wp\/v2\/product"}],"about":[{"href":"https:\/\/smart-car-accessories.com\/ro\/wp-json\/wp\/v2\/types\/product"}],"replies":[{"embeddable":true,"href":"https:\/\/smart-car-accessories.com\/ro\/wp-json\/wp\/v2\/comments?post=7941"}],"wp:featuredmedia":[{"embeddable":true,"href":"https:\/\/smart-car-accessories.com\/ro\/wp-json\/wp\/v2\/media\/8232"}],"wp:attachment":[{"href":"https:\/\/smart-car-accessories.com\/ro\/wp-json\/wp\/v2\/media?parent=7941"}],"wp:term":[{"taxonomy":"product_brand","embeddable":true,"href":"https:\/\/smart-car-accessories.com\/ro\/wp-json\/wp\/v2\/product_brand?post=7941"},{"taxonomy":"product_cat","embeddable":true,"href":"https:\/\/smart-car-accessories.com\/ro\/wp-json\/wp\/v2\/product_cat?post=7941"},{"taxonomy":"product_tag","embeddable":true,"href":"https:\/\/smart-car-accessories.com\/ro\/wp-json\/wp\/v2\/product_tag?post=7941"}],"curies":[{"name":"wp","href":"https:\/\/api.w.org\/{rel}","templated":true}]}}