{"id":7978,"date":"2026-04-08T05:17:19","date_gmt":"2026-04-08T05:17:19","guid":{"rendered":"https:\/\/smart-car-accessories.com\/ro\/?post_type=product&#038;p=7978"},"modified":"2026-04-08T05:24:20","modified_gmt":"2026-04-08T05:24:20","slug":"parasolar-pentru-copii-calatorie-racoroasa","status":"publish","type":"product","link":"https:\/\/smart-car-accessories.com\/ro\/product\/parasolar-pentru-copii-calatorie-racoroasa\/","title":{"rendered":"Parasolar pentru copii | C\u0103l\u0103torie R\u0103coroas\u0103 \u00ae"},"content":{"rendered":"","protected":false},"excerpt":{"rendered":"","protected":false},"featured_media":8269,"comment_status":"closed","ping_status":"closed","template":"","meta":[],"product_brand":[],"product_cat":[330,345],"product_tag":[300],"class_list":{"0":"post-7978","1":"product","2":"type-product","3":"status-publish","4":"has-post-thumbnail","6":"product_cat-accesorii","7":"product_cat-parasolare","8":"product_tag-pare-soleil-voiture","10":"first","11":"instock","12":"taxable","13":"shipping-taxable","14":"purchasable","15":"product-type-variable"},"_links":{"self":[{"href":"https:\/\/smart-car-accessories.com\/ro\/wp-json\/wp\/v2\/product\/7978","targetHints":{"allow":["GET"]}}],"collection":[{"href":"https:\/\/smart-car-accessories.com\/ro\/wp-json\/wp\/v2\/product"}],"about":[{"href":"https:\/\/smart-car-accessories.com\/ro\/wp-json\/wp\/v2\/types\/product"}],"replies":[{"embeddable":true,"href":"https:\/\/smart-car-accessories.com\/ro\/wp-json\/wp\/v2\/comments?post=7978"}],"wp:featuredmedia":[{"embeddable":true,"href":"https:\/\/smart-car-accessories.com\/ro\/wp-json\/wp\/v2\/media\/8269"}],"wp:attachment":[{"href":"https:\/\/smart-car-accessories.com\/ro\/wp-json\/wp\/v2\/media?parent=7978"}],"wp:term":[{"taxonomy":"product_brand","embeddable":true,"href":"https:\/\/smart-car-accessories.com\/ro\/wp-json\/wp\/v2\/product_brand?post=7978"},{"taxonomy":"product_cat","embeddable":true,"href":"https:\/\/smart-car-accessories.com\/ro\/wp-json\/wp\/v2\/product_cat?post=7978"},{"taxonomy":"product_tag","embeddable":true,"href":"https:\/\/smart-car-accessories.com\/ro\/wp-json\/wp\/v2\/product_tag?post=7978"}],"curies":[{"name":"wp","href":"https:\/\/api.w.org\/{rel}","templated":true}]}}