{"id":8031,"date":"2026-04-08T05:17:34","date_gmt":"2026-04-08T05:17:34","guid":{"rendered":"https:\/\/smart-car-accessories.com\/ro\/?post_type=product&#038;p=8031"},"modified":"2026-04-08T05:24:24","modified_gmt":"2026-04-08T05:24:24","slug":"decoratiune-florala-pentru-masina-de-nunta-sarbatoare-romantica","status":"publish","type":"product","link":"https:\/\/smart-car-accessories.com\/ro\/product\/decoratiune-florala-pentru-masina-de-nunta-sarbatoare-romantica\/","title":{"rendered":"Decora\u021biune Floral\u0103 pentru Ma\u0219ina de Nunt\u0103 | S\u0103rb\u0103toare Romantic\u0103 \u00ae"},"content":{"rendered":"","protected":false},"excerpt":{"rendered":"","protected":false},"featured_media":8322,"comment_status":"closed","ping_status":"closed","template":"","meta":[],"product_brand":[],"product_cat":[333,359],"product_tag":[306],"class_list":{"0":"post-8031","1":"product","2":"type-product","3":"status-publish","4":"has-post-thumbnail","6":"product_cat-decoratiuni","7":"product_cat-decoratiuni-de-nunta","8":"product_tag-decoration-voiture-mariage","10":"first","11":"instock","12":"taxable","13":"shipping-taxable","14":"purchasable","15":"product-type-variable"},"_links":{"self":[{"href":"https:\/\/smart-car-accessories.com\/ro\/wp-json\/wp\/v2\/product\/8031","targetHints":{"allow":["GET"]}}],"collection":[{"href":"https:\/\/smart-car-accessories.com\/ro\/wp-json\/wp\/v2\/product"}],"about":[{"href":"https:\/\/smart-car-accessories.com\/ro\/wp-json\/wp\/v2\/types\/product"}],"replies":[{"embeddable":true,"href":"https:\/\/smart-car-accessories.com\/ro\/wp-json\/wp\/v2\/comments?post=8031"}],"wp:featuredmedia":[{"embeddable":true,"href":"https:\/\/smart-car-accessories.com\/ro\/wp-json\/wp\/v2\/media\/8322"}],"wp:attachment":[{"href":"https:\/\/smart-car-accessories.com\/ro\/wp-json\/wp\/v2\/media?parent=8031"}],"wp:term":[{"taxonomy":"product_brand","embeddable":true,"href":"https:\/\/smart-car-accessories.com\/ro\/wp-json\/wp\/v2\/product_brand?post=8031"},{"taxonomy":"product_cat","embeddable":true,"href":"https:\/\/smart-car-accessories.com\/ro\/wp-json\/wp\/v2\/product_cat?post=8031"},{"taxonomy":"product_tag","embeddable":true,"href":"https:\/\/smart-car-accessories.com\/ro\/wp-json\/wp\/v2\/product_tag?post=8031"}],"curies":[{"name":"wp","href":"https:\/\/api.w.org\/{rel}","templated":true}]}}