{"id":8038,"date":"2026-04-08T05:17:36","date_gmt":"2026-04-08T05:17:36","guid":{"rendered":"https:\/\/smart-car-accessories.com\/ro\/?post_type=product&#038;p=8038"},"modified":"2026-04-08T05:24:24","modified_gmt":"2026-04-08T05:24:24","slug":"lesa-pentru-caini-in-masina-companion-protejat","status":"publish","type":"product","link":"https:\/\/smart-car-accessories.com\/ro\/product\/lesa-pentru-caini-in-masina-companion-protejat\/","title":{"rendered":"Les\u0103 pentru C\u00e2ini \u00een Ma\u0219in\u0103 | Companion Protejat \u00ae"},"content":{"rendered":"","protected":false},"excerpt":{"rendered":"","protected":false},"featured_media":8329,"comment_status":"closed","ping_status":"closed","template":"","meta":[],"product_brand":[],"product_cat":[],"product_tag":[295],"class_list":{"0":"post-8038","1":"product","2":"type-product","3":"status-publish","4":"has-post-thumbnail","6":"product_tag-protection-voiture-chien","8":"first","9":"instock","10":"taxable","11":"shipping-taxable","12":"purchasable","13":"product-type-variable"},"_links":{"self":[{"href":"https:\/\/smart-car-accessories.com\/ro\/wp-json\/wp\/v2\/product\/8038","targetHints":{"allow":["GET"]}}],"collection":[{"href":"https:\/\/smart-car-accessories.com\/ro\/wp-json\/wp\/v2\/product"}],"about":[{"href":"https:\/\/smart-car-accessories.com\/ro\/wp-json\/wp\/v2\/types\/product"}],"replies":[{"embeddable":true,"href":"https:\/\/smart-car-accessories.com\/ro\/wp-json\/wp\/v2\/comments?post=8038"}],"wp:featuredmedia":[{"embeddable":true,"href":"https:\/\/smart-car-accessories.com\/ro\/wp-json\/wp\/v2\/media\/8329"}],"wp:attachment":[{"href":"https:\/\/smart-car-accessories.com\/ro\/wp-json\/wp\/v2\/media?parent=8038"}],"wp:term":[{"taxonomy":"product_brand","embeddable":true,"href":"https:\/\/smart-car-accessories.com\/ro\/wp-json\/wp\/v2\/product_brand?post=8038"},{"taxonomy":"product_cat","embeddable":true,"href":"https:\/\/smart-car-accessories.com\/ro\/wp-json\/wp\/v2\/product_cat?post=8038"},{"taxonomy":"product_tag","embeddable":true,"href":"https:\/\/smart-car-accessories.com\/ro\/wp-json\/wp\/v2\/product_tag?post=8038"}],"curies":[{"name":"wp","href":"https:\/\/api.w.org\/{rel}","templated":true}]}}