{"id":7877,"date":"2026-04-08T05:10:26","date_gmt":"2026-04-08T05:10:26","guid":{"rendered":"https:\/\/smart-car-accessories.com\/sk\/?post_type=product&#038;p=7877"},"modified":"2026-04-08T05:11:21","modified_gmt":"2026-04-08T05:11:21","slug":"rotujuca-lesticka-kompletna-suprava-32-kusov","status":"publish","type":"product","link":"https:\/\/smart-car-accessories.com\/sk\/product\/rotujuca-lesticka-kompletna-suprava-32-kusov\/","title":{"rendered":"Rotuj\u00faca le\u0161ti\u010dka \u2013 Kompletn\u00e1 s\u00faprava 32 kusov"},"content":{"rendered":"","protected":false},"excerpt":{"rendered":"","protected":false},"featured_media":8168,"comment_status":"closed","ping_status":"closed","template":"","meta":[],"product_brand":[],"product_cat":[350,331],"product_tag":[],"class_list":{"0":"post-7877","1":"product","2":"type-product","3":"status-publish","4":"has-post-thumbnail","6":"product_cat-lesticky-na-auta","7":"product_cat-ulozisko-a-cistenie","9":"first","10":"instock","11":"sale","12":"taxable","13":"shipping-taxable","14":"purchasable","15":"product-type-simple"},"_links":{"self":[{"href":"https:\/\/smart-car-accessories.com\/sk\/wp-json\/wp\/v2\/product\/7877","targetHints":{"allow":["GET"]}}],"collection":[{"href":"https:\/\/smart-car-accessories.com\/sk\/wp-json\/wp\/v2\/product"}],"about":[{"href":"https:\/\/smart-car-accessories.com\/sk\/wp-json\/wp\/v2\/types\/product"}],"replies":[{"embeddable":true,"href":"https:\/\/smart-car-accessories.com\/sk\/wp-json\/wp\/v2\/comments?post=7877"}],"wp:featuredmedia":[{"embeddable":true,"href":"https:\/\/smart-car-accessories.com\/sk\/wp-json\/wp\/v2\/media\/8168"}],"wp:attachment":[{"href":"https:\/\/smart-car-accessories.com\/sk\/wp-json\/wp\/v2\/media?parent=7877"}],"wp:term":[{"taxonomy":"product_brand","embeddable":true,"href":"https:\/\/smart-car-accessories.com\/sk\/wp-json\/wp\/v2\/product_brand?post=7877"},{"taxonomy":"product_cat","embeddable":true,"href":"https:\/\/smart-car-accessories.com\/sk\/wp-json\/wp\/v2\/product_cat?post=7877"},{"taxonomy":"product_tag","embeddable":true,"href":"https:\/\/smart-car-accessories.com\/sk\/wp-json\/wp\/v2\/product_tag?post=7877"}],"curies":[{"name":"wp","href":"https:\/\/api.w.org\/{rel}","templated":true}]}}