{"id":7910,"date":"2026-04-08T05:10:33","date_gmt":"2026-04-08T05:10:33","guid":{"rendered":"https:\/\/smart-car-accessories.com\/sk\/?post_type=product&#038;p=7910"},"modified":"2026-04-08T05:16:05","modified_gmt":"2026-04-08T05:16:05","slug":"elektricky-drziak-na-pohare-s-chladicom-a-ohrievacom","status":"publish","type":"product","link":"https:\/\/smart-car-accessories.com\/sk\/product\/elektricky-drziak-na-pohare-s-chladicom-a-ohrievacom\/","title":{"rendered":"Elektrick\u00fd dr\u017eiak na poh\u00e1re s chladi\u010dom a ohrieva\u010dom"},"content":{"rendered":"","protected":false},"excerpt":{"rendered":"","protected":false},"featured_media":8201,"comment_status":"closed","ping_status":"closed","template":"","meta":[],"product_brand":[],"product_cat":[347,331],"product_tag":[291,288,287],"class_list":{"0":"post-7910","1":"product","2":"type-product","3":"status-publish","4":"has-post-thumbnail","6":"product_cat-organizatory-batozinoveho-priestoru","7":"product_cat-ulozisko-a-cistenie","8":"product_tag-accessoires-interieur-voiture","9":"product_tag-rangement-voiture","10":"product_tag-shoptok","12":"first","13":"instock","14":"sale","15":"taxable","16":"shipping-taxable","17":"purchasable","18":"product-type-variable"},"_links":{"self":[{"href":"https:\/\/smart-car-accessories.com\/sk\/wp-json\/wp\/v2\/product\/7910","targetHints":{"allow":["GET"]}}],"collection":[{"href":"https:\/\/smart-car-accessories.com\/sk\/wp-json\/wp\/v2\/product"}],"about":[{"href":"https:\/\/smart-car-accessories.com\/sk\/wp-json\/wp\/v2\/types\/product"}],"replies":[{"embeddable":true,"href":"https:\/\/smart-car-accessories.com\/sk\/wp-json\/wp\/v2\/comments?post=7910"}],"wp:featuredmedia":[{"embeddable":true,"href":"https:\/\/smart-car-accessories.com\/sk\/wp-json\/wp\/v2\/media\/8201"}],"wp:attachment":[{"href":"https:\/\/smart-car-accessories.com\/sk\/wp-json\/wp\/v2\/media?parent=7910"}],"wp:term":[{"taxonomy":"product_brand","embeddable":true,"href":"https:\/\/smart-car-accessories.com\/sk\/wp-json\/wp\/v2\/product_brand?post=7910"},{"taxonomy":"product_cat","embeddable":true,"href":"https:\/\/smart-car-accessories.com\/sk\/wp-json\/wp\/v2\/product_cat?post=7910"},{"taxonomy":"product_tag","embeddable":true,"href":"https:\/\/smart-car-accessories.com\/sk\/wp-json\/wp\/v2\/product_tag?post=7910"}],"curies":[{"name":"wp","href":"https:\/\/api.w.org\/{rel}","templated":true}]}}