{"id":7946,"date":"2026-04-08T05:10:40","date_gmt":"2026-04-08T05:10:40","guid":{"rendered":"https:\/\/smart-car-accessories.com\/sk\/?post_type=product&#038;p=7946"},"modified":"2026-04-08T05:16:08","modified_gmt":"2026-04-08T05:16:08","slug":"magneticky-drziak-na-telefon-do-auta-ekologicke-materialy","status":"publish","type":"product","link":"https:\/\/smart-car-accessories.com\/sk\/product\/magneticky-drziak-na-telefon-do-auta-ekologicke-materialy\/","title":{"rendered":"Magnetick\u00fd dr\u017eiak na telef\u00f3n do auta | Ekologick\u00e9 materi\u00e1ly\u00ae"},"content":{"rendered":"","protected":false},"excerpt":{"rendered":"","protected":false},"featured_media":8237,"comment_status":"closed","ping_status":"closed","template":"","meta":[],"product_brand":[],"product_cat":[370,330],"product_tag":[297,293],"class_list":{"0":"post-7946","1":"product","2":"type-product","3":"status-publish","4":"has-post-thumbnail","6":"product_cat-magneticke-drziaky","7":"product_cat-prislusenstvo","8":"product_tag-support-telephone-magnetique","9":"product_tag-support-telephone-voiture","11":"first","12":"instock","13":"taxable","14":"shipping-taxable","15":"purchasable","16":"product-type-variable"},"_links":{"self":[{"href":"https:\/\/smart-car-accessories.com\/sk\/wp-json\/wp\/v2\/product\/7946","targetHints":{"allow":["GET"]}}],"collection":[{"href":"https:\/\/smart-car-accessories.com\/sk\/wp-json\/wp\/v2\/product"}],"about":[{"href":"https:\/\/smart-car-accessories.com\/sk\/wp-json\/wp\/v2\/types\/product"}],"replies":[{"embeddable":true,"href":"https:\/\/smart-car-accessories.com\/sk\/wp-json\/wp\/v2\/comments?post=7946"}],"wp:featuredmedia":[{"embeddable":true,"href":"https:\/\/smart-car-accessories.com\/sk\/wp-json\/wp\/v2\/media\/8237"}],"wp:attachment":[{"href":"https:\/\/smart-car-accessories.com\/sk\/wp-json\/wp\/v2\/media?parent=7946"}],"wp:term":[{"taxonomy":"product_brand","embeddable":true,"href":"https:\/\/smart-car-accessories.com\/sk\/wp-json\/wp\/v2\/product_brand?post=7946"},{"taxonomy":"product_cat","embeddable":true,"href":"https:\/\/smart-car-accessories.com\/sk\/wp-json\/wp\/v2\/product_cat?post=7946"},{"taxonomy":"product_tag","embeddable":true,"href":"https:\/\/smart-car-accessories.com\/sk\/wp-json\/wp\/v2\/product_tag?post=7946"}],"curies":[{"name":"wp","href":"https:\/\/api.w.org\/{rel}","templated":true}]}}