{"id":8009,"date":"2026-04-08T05:10:50","date_gmt":"2026-04-08T05:10:50","guid":{"rendered":"https:\/\/smart-car-accessories.com\/sk\/?post_type=product&#038;p=8009"},"modified":"2026-04-08T05:12:06","modified_gmt":"2026-04-08T05:12:06","slug":"mala-plysova-opica-na-opierku-ruk-v-aute","status":"publish","type":"product","link":"https:\/\/smart-car-accessories.com\/sk\/product\/mala-plysova-opica-na-opierku-ruk-v-aute\/","title":{"rendered":"Mal\u00e1 ply\u0161ov\u00e1 opica na opierku r\u00fak v aute"},"content":{"rendered":"","protected":false},"excerpt":{"rendered":"","protected":false},"featured_media":8300,"comment_status":"closed","ping_status":"closed","template":"","meta":[],"product_brand":[],"product_cat":[330],"product_tag":[279],"class_list":{"0":"post-8009","1":"product","2":"type-product","3":"status-publish","4":"has-post-thumbnail","6":"product_cat-prislusenstvo","7":"product_tag-decoration-voiture","9":"first","10":"instock","11":"taxable","12":"shipping-taxable","13":"purchasable","14":"product-type-simple"},"_links":{"self":[{"href":"https:\/\/smart-car-accessories.com\/sk\/wp-json\/wp\/v2\/product\/8009","targetHints":{"allow":["GET"]}}],"collection":[{"href":"https:\/\/smart-car-accessories.com\/sk\/wp-json\/wp\/v2\/product"}],"about":[{"href":"https:\/\/smart-car-accessories.com\/sk\/wp-json\/wp\/v2\/types\/product"}],"replies":[{"embeddable":true,"href":"https:\/\/smart-car-accessories.com\/sk\/wp-json\/wp\/v2\/comments?post=8009"}],"wp:featuredmedia":[{"embeddable":true,"href":"https:\/\/smart-car-accessories.com\/sk\/wp-json\/wp\/v2\/media\/8300"}],"wp:attachment":[{"href":"https:\/\/smart-car-accessories.com\/sk\/wp-json\/wp\/v2\/media?parent=8009"}],"wp:term":[{"taxonomy":"product_brand","embeddable":true,"href":"https:\/\/smart-car-accessories.com\/sk\/wp-json\/wp\/v2\/product_brand?post=8009"},{"taxonomy":"product_cat","embeddable":true,"href":"https:\/\/smart-car-accessories.com\/sk\/wp-json\/wp\/v2\/product_cat?post=8009"},{"taxonomy":"product_tag","embeddable":true,"href":"https:\/\/smart-car-accessories.com\/sk\/wp-json\/wp\/v2\/product_tag?post=8009"}],"curies":[{"name":"wp","href":"https:\/\/api.w.org\/{rel}","templated":true}]}}