{"id":8029,"date":"2026-04-08T05:10:55","date_gmt":"2026-04-08T05:10:55","guid":{"rendered":"https:\/\/smart-car-accessories.com\/sk\/?post_type=product&#038;p=8029"},"modified":"2026-04-08T05:16:13","modified_gmt":"2026-04-08T05:16:13","slug":"dekoracia-na-auto-pre-svadobnych-hosti-svata-unia","status":"publish","type":"product","link":"https:\/\/smart-car-accessories.com\/sk\/product\/dekoracia-na-auto-pre-svadobnych-hosti-svata-unia\/","title":{"rendered":"Dekor\u00e1cia na Auto pre Svadobn\u00fdch Host\u00ed | Sv\u00e4t\u00e1 \u00dania\u00ae"},"content":{"rendered":"","protected":false},"excerpt":{"rendered":"","protected":false},"featured_media":8320,"comment_status":"closed","ping_status":"closed","template":"","meta":[],"product_brand":[],"product_cat":[],"product_tag":[306],"class_list":{"0":"post-8029","1":"product","2":"type-product","3":"status-publish","4":"has-post-thumbnail","6":"product_tag-decoration-voiture-mariage","8":"first","9":"instock","10":"taxable","11":"shipping-taxable","12":"purchasable","13":"product-type-variable"},"_links":{"self":[{"href":"https:\/\/smart-car-accessories.com\/sk\/wp-json\/wp\/v2\/product\/8029","targetHints":{"allow":["GET"]}}],"collection":[{"href":"https:\/\/smart-car-accessories.com\/sk\/wp-json\/wp\/v2\/product"}],"about":[{"href":"https:\/\/smart-car-accessories.com\/sk\/wp-json\/wp\/v2\/types\/product"}],"replies":[{"embeddable":true,"href":"https:\/\/smart-car-accessories.com\/sk\/wp-json\/wp\/v2\/comments?post=8029"}],"wp:featuredmedia":[{"embeddable":true,"href":"https:\/\/smart-car-accessories.com\/sk\/wp-json\/wp\/v2\/media\/8320"}],"wp:attachment":[{"href":"https:\/\/smart-car-accessories.com\/sk\/wp-json\/wp\/v2\/media?parent=8029"}],"wp:term":[{"taxonomy":"product_brand","embeddable":true,"href":"https:\/\/smart-car-accessories.com\/sk\/wp-json\/wp\/v2\/product_brand?post=8029"},{"taxonomy":"product_cat","embeddable":true,"href":"https:\/\/smart-car-accessories.com\/sk\/wp-json\/wp\/v2\/product_cat?post=8029"},{"taxonomy":"product_tag","embeddable":true,"href":"https:\/\/smart-car-accessories.com\/sk\/wp-json\/wp\/v2\/product_tag?post=8029"}],"curies":[{"name":"wp","href":"https:\/\/api.w.org\/{rel}","templated":true}]}}