{"id":8112,"date":"2026-04-08T05:11:11","date_gmt":"2026-04-08T05:11:11","guid":{"rendered":"https:\/\/smart-car-accessories.com\/sk\/?post_type=product&#038;p=8112"},"modified":"2026-04-08T05:16:18","modified_gmt":"2026-04-08T05:16:18","slug":"nabijatelny-difuzer-esencialnych-olejov-s-led-projektorom","status":"publish","type":"product","link":"https:\/\/smart-car-accessories.com\/sk\/product\/nabijatelny-difuzer-esencialnych-olejov-s-led-projektorom\/","title":{"rendered":"Nab\u00edjate\u013en\u00fd difuz\u00e9r esenci\u00e1lnych olejov s LED projektorom"},"content":{"rendered":"","protected":false},"excerpt":{"rendered":"","protected":false},"featured_media":8403,"comment_status":"closed","ping_status":"closed","template":"","meta":[],"product_brand":[],"product_cat":[364,334],"product_tag":[308,319,290,320,287],"class_list":{"0":"post-8112","1":"product","2":"type-product","3":"status-publish","4":"has-post-thumbnail","6":"product_cat-difuzery","7":"product_cat-vone","8":"product_tag-desodorisant-voiture","9":"product_tag-diffuseur-parfum","10":"product_tag-led-voiture","11":"product_tag-parfum-voiture","12":"product_tag-shoptok","14":"first","15":"instock","16":"sale","17":"taxable","18":"shipping-taxable","19":"purchasable","20":"product-type-variable"},"_links":{"self":[{"href":"https:\/\/smart-car-accessories.com\/sk\/wp-json\/wp\/v2\/product\/8112","targetHints":{"allow":["GET"]}}],"collection":[{"href":"https:\/\/smart-car-accessories.com\/sk\/wp-json\/wp\/v2\/product"}],"about":[{"href":"https:\/\/smart-car-accessories.com\/sk\/wp-json\/wp\/v2\/types\/product"}],"replies":[{"embeddable":true,"href":"https:\/\/smart-car-accessories.com\/sk\/wp-json\/wp\/v2\/comments?post=8112"}],"wp:featuredmedia":[{"embeddable":true,"href":"https:\/\/smart-car-accessories.com\/sk\/wp-json\/wp\/v2\/media\/8403"}],"wp:attachment":[{"href":"https:\/\/smart-car-accessories.com\/sk\/wp-json\/wp\/v2\/media?parent=8112"}],"wp:term":[{"taxonomy":"product_brand","embeddable":true,"href":"https:\/\/smart-car-accessories.com\/sk\/wp-json\/wp\/v2\/product_brand?post=8112"},{"taxonomy":"product_cat","embeddable":true,"href":"https:\/\/smart-car-accessories.com\/sk\/wp-json\/wp\/v2\/product_cat?post=8112"},{"taxonomy":"product_tag","embeddable":true,"href":"https:\/\/smart-car-accessories.com\/sk\/wp-json\/wp\/v2\/product_tag?post=8112"}],"curies":[{"name":"wp","href":"https:\/\/api.w.org\/{rel}","templated":true}]}}