{"id":8142,"date":"2026-04-08T05:11:15","date_gmt":"2026-04-08T05:11:15","guid":{"rendered":"https:\/\/smart-car-accessories.com\/sk\/?post_type=product&#038;p=8142"},"modified":"2026-04-08T05:12:49","modified_gmt":"2026-04-08T05:12:49","slug":"hracky-pre-psov-2-v-1-krabicka-na-vreckovky-a-odpadkovy-kos-na-opierku-ruk-v-aute","status":"publish","type":"product","link":"https:\/\/smart-car-accessories.com\/sk\/product\/hracky-pre-psov-2-v-1-krabicka-na-vreckovky-a-odpadkovy-kos-na-opierku-ruk-v-aute\/","title":{"rendered":"Hra\u010dky pre psov 2 v 1, krabi\u010dka na vreckovky a odpadkov\u00fd k\u00f4\u0161 na opierku r\u00fak v aute"},"content":{"rendered":"","protected":false},"excerpt":{"rendered":"","protected":false},"featured_media":8433,"comment_status":"closed","ping_status":"closed","template":"","meta":[],"product_brand":[],"product_cat":[361,333],"product_tag":[],"class_list":{"0":"post-8142","1":"product","2":"type-product","3":"status-publish","4":"has-post-thumbnail","6":"product_cat-automobilove-dekoracie","7":"product_cat-dekoracie","9":"first","10":"instock","11":"taxable","12":"shipping-taxable","13":"purchasable","14":"product-type-simple"},"_links":{"self":[{"href":"https:\/\/smart-car-accessories.com\/sk\/wp-json\/wp\/v2\/product\/8142","targetHints":{"allow":["GET"]}}],"collection":[{"href":"https:\/\/smart-car-accessories.com\/sk\/wp-json\/wp\/v2\/product"}],"about":[{"href":"https:\/\/smart-car-accessories.com\/sk\/wp-json\/wp\/v2\/types\/product"}],"replies":[{"embeddable":true,"href":"https:\/\/smart-car-accessories.com\/sk\/wp-json\/wp\/v2\/comments?post=8142"}],"wp:featuredmedia":[{"embeddable":true,"href":"https:\/\/smart-car-accessories.com\/sk\/wp-json\/wp\/v2\/media\/8433"}],"wp:attachment":[{"href":"https:\/\/smart-car-accessories.com\/sk\/wp-json\/wp\/v2\/media?parent=8142"}],"wp:term":[{"taxonomy":"product_brand","embeddable":true,"href":"https:\/\/smart-car-accessories.com\/sk\/wp-json\/wp\/v2\/product_brand?post=8142"},{"taxonomy":"product_cat","embeddable":true,"href":"https:\/\/smart-car-accessories.com\/sk\/wp-json\/wp\/v2\/product_cat?post=8142"},{"taxonomy":"product_tag","embeddable":true,"href":"https:\/\/smart-car-accessories.com\/sk\/wp-json\/wp\/v2\/product_tag?post=8142"}],"curies":[{"name":"wp","href":"https:\/\/api.w.org\/{rel}","templated":true}]}}