{"id":8156,"date":"2026-04-08T05:11:18","date_gmt":"2026-04-08T05:11:18","guid":{"rendered":"https:\/\/smart-car-accessories.com\/sk\/?post_type=product&#038;p=8156"},"modified":"2026-04-08T05:16:20","modified_gmt":"2026-04-08T05:16:20","slug":"lumbalny-vankus-do-auta-s-ergonomickym-opierkou-hlavy","status":"publish","type":"product","link":"https:\/\/smart-car-accessories.com\/sk\/product\/lumbalny-vankus-do-auta-s-ergonomickym-opierkou-hlavy\/","title":{"rendered":"Lumb\u00e1lny vank\u00fa\u0161 do auta s ergonomick\u00fdm opierkou hlavy"},"content":{"rendered":"","protected":false},"excerpt":{"rendered":"","protected":false},"featured_media":8447,"comment_status":"closed","ping_status":"closed","template":"","meta":[],"product_brand":[],"product_cat":[357,332],"product_tag":[283,284,325],"class_list":{"0":"post-8156","1":"product","2":"type-product","3":"status-publish","4":"has-post-thumbnail","6":"product_cat-bedrove-vankuse","7":"product_cat-pohodlie","8":"product_tag-coussin-lombaire-voiture","9":"product_tag-coussin-voiture","10":"product_tag-repose-tete-voiture","12":"first","13":"instock","14":"sale","15":"taxable","16":"shipping-taxable","17":"purchasable","18":"product-type-variable"},"_links":{"self":[{"href":"https:\/\/smart-car-accessories.com\/sk\/wp-json\/wp\/v2\/product\/8156","targetHints":{"allow":["GET"]}}],"collection":[{"href":"https:\/\/smart-car-accessories.com\/sk\/wp-json\/wp\/v2\/product"}],"about":[{"href":"https:\/\/smart-car-accessories.com\/sk\/wp-json\/wp\/v2\/types\/product"}],"replies":[{"embeddable":true,"href":"https:\/\/smart-car-accessories.com\/sk\/wp-json\/wp\/v2\/comments?post=8156"}],"wp:featuredmedia":[{"embeddable":true,"href":"https:\/\/smart-car-accessories.com\/sk\/wp-json\/wp\/v2\/media\/8447"}],"wp:attachment":[{"href":"https:\/\/smart-car-accessories.com\/sk\/wp-json\/wp\/v2\/media?parent=8156"}],"wp:term":[{"taxonomy":"product_brand","embeddable":true,"href":"https:\/\/smart-car-accessories.com\/sk\/wp-json\/wp\/v2\/product_brand?post=8156"},{"taxonomy":"product_cat","embeddable":true,"href":"https:\/\/smart-car-accessories.com\/sk\/wp-json\/wp\/v2\/product_cat?post=8156"},{"taxonomy":"product_tag","embeddable":true,"href":"https:\/\/smart-car-accessories.com\/sk\/wp-json\/wp\/v2\/product_tag?post=8156"}],"curies":[{"name":"wp","href":"https:\/\/api.w.org\/{rel}","templated":true}]}}