{"id":8161,"date":"2026-04-08T05:11:19","date_gmt":"2026-04-08T05:11:19","guid":{"rendered":"https:\/\/smart-car-accessories.com\/sk\/?post_type=product&#038;p=8161"},"modified":"2026-04-08T05:12:55","modified_gmt":"2026-04-08T05:12:55","slug":"360-otocny-autovy-podnos-s-integrovanym-drziakom-na-telefon-a-drziakom-na-pohare","status":"publish","type":"product","link":"https:\/\/smart-car-accessories.com\/sk\/product\/360-otocny-autovy-podnos-s-integrovanym-drziakom-na-telefon-a-drziakom-na-pohare\/","title":{"rendered":"360\u00b0 Oto\u010dn\u00fd autov\u00fd podnos s integrovan\u00fdm dr\u017eiakom na telef\u00f3n a dr\u017eiakom na poh\u00e1re"},"content":{"rendered":"","protected":false},"excerpt":{"rendered":"","protected":false},"featured_media":8452,"comment_status":"closed","ping_status":"closed","template":"","meta":[],"product_brand":[],"product_cat":[],"product_tag":[326,293],"class_list":{"0":"post-8161","1":"product","2":"type-product","3":"status-publish","4":"has-post-thumbnail","6":"product_tag-accessoire-interieur-voiture","7":"product_tag-support-telephone-voiture","9":"first","10":"instock","11":"taxable","12":"shipping-taxable","13":"purchasable","14":"product-type-simple"},"_links":{"self":[{"href":"https:\/\/smart-car-accessories.com\/sk\/wp-json\/wp\/v2\/product\/8161","targetHints":{"allow":["GET"]}}],"collection":[{"href":"https:\/\/smart-car-accessories.com\/sk\/wp-json\/wp\/v2\/product"}],"about":[{"href":"https:\/\/smart-car-accessories.com\/sk\/wp-json\/wp\/v2\/types\/product"}],"replies":[{"embeddable":true,"href":"https:\/\/smart-car-accessories.com\/sk\/wp-json\/wp\/v2\/comments?post=8161"}],"wp:featuredmedia":[{"embeddable":true,"href":"https:\/\/smart-car-accessories.com\/sk\/wp-json\/wp\/v2\/media\/8452"}],"wp:attachment":[{"href":"https:\/\/smart-car-accessories.com\/sk\/wp-json\/wp\/v2\/media?parent=8161"}],"wp:term":[{"taxonomy":"product_brand","embeddable":true,"href":"https:\/\/smart-car-accessories.com\/sk\/wp-json\/wp\/v2\/product_brand?post=8161"},{"taxonomy":"product_cat","embeddable":true,"href":"https:\/\/smart-car-accessories.com\/sk\/wp-json\/wp\/v2\/product_cat?post=8161"},{"taxonomy":"product_tag","embeddable":true,"href":"https:\/\/smart-car-accessories.com\/sk\/wp-json\/wp\/v2\/product_tag?post=8161"}],"curies":[{"name":"wp","href":"https:\/\/api.w.org\/{rel}","templated":true}]}}