{"id":7883,"date":"2026-04-08T05:03:44","date_gmt":"2026-04-08T05:03:44","guid":{"rendered":"https:\/\/smart-car-accessories.com\/sl\/?post_type=product&#038;p=7883"},"modified":"2026-04-08T05:09:35","modified_gmt":"2026-04-08T05:09:35","slug":"copic-za-ciscenje-avtomobila-komplet-za-notranje-in-zunanje-podrobnosti","status":"publish","type":"product","link":"https:\/\/smart-car-accessories.com\/sl\/product\/copic-za-ciscenje-avtomobila-komplet-za-notranje-in-zunanje-podrobnosti\/","title":{"rendered":"\u010copi\u010d za \u010di\u0161\u010denje avtomobila | Komplet za notranje in zunanje podrobnosti"},"content":{"rendered":"","protected":false},"excerpt":{"rendered":"","protected":false},"featured_media":8174,"comment_status":"closed","ping_status":"closed","template":"","meta":[],"product_brand":[],"product_cat":[352,331],"product_tag":[],"class_list":{"0":"post-7883","1":"product","2":"type-product","3":"status-publish","4":"has-post-thumbnail","6":"product_cat-ciscenje-avtomobilov","7":"product_cat-shranjevanje-in-ciscenje","9":"first","10":"instock","11":"sale","12":"taxable","13":"shipping-taxable","14":"purchasable","15":"product-type-variable"},"_links":{"self":[{"href":"https:\/\/smart-car-accessories.com\/sl\/wp-json\/wp\/v2\/product\/7883","targetHints":{"allow":["GET"]}}],"collection":[{"href":"https:\/\/smart-car-accessories.com\/sl\/wp-json\/wp\/v2\/product"}],"about":[{"href":"https:\/\/smart-car-accessories.com\/sl\/wp-json\/wp\/v2\/types\/product"}],"replies":[{"embeddable":true,"href":"https:\/\/smart-car-accessories.com\/sl\/wp-json\/wp\/v2\/comments?post=7883"}],"wp:featuredmedia":[{"embeddable":true,"href":"https:\/\/smart-car-accessories.com\/sl\/wp-json\/wp\/v2\/media\/8174"}],"wp:attachment":[{"href":"https:\/\/smart-car-accessories.com\/sl\/wp-json\/wp\/v2\/media?parent=7883"}],"wp:term":[{"taxonomy":"product_brand","embeddable":true,"href":"https:\/\/smart-car-accessories.com\/sl\/wp-json\/wp\/v2\/product_brand?post=7883"},{"taxonomy":"product_cat","embeddable":true,"href":"https:\/\/smart-car-accessories.com\/sl\/wp-json\/wp\/v2\/product_cat?post=7883"},{"taxonomy":"product_tag","embeddable":true,"href":"https:\/\/smart-car-accessories.com\/sl\/wp-json\/wp\/v2\/product_tag?post=7883"}],"curies":[{"name":"wp","href":"https:\/\/api.w.org\/{rel}","templated":true}]}}