{"id":7900,"date":"2026-04-08T05:03:47","date_gmt":"2026-04-08T05:03:47","guid":{"rendered":"https:\/\/smart-car-accessories.com\/sl\/?post_type=product&#038;p=7900"},"modified":"2026-04-08T05:04:46","modified_gmt":"2026-04-08T05:04:46","slug":"prenosni-brezzicni-visokotlacni-cistilec-60-barov-kompakten-in-samostojen","status":"publish","type":"product","link":"https:\/\/smart-car-accessories.com\/sl\/product\/prenosni-brezzicni-visokotlacni-cistilec-60-barov-kompakten-in-samostojen\/","title":{"rendered":"Prenosni brez\u017ei\u010dni visokotla\u010dni \u010distilec 60 Barov \u2013 Kompakten in samostojen"},"content":{"rendered":"","protected":false},"excerpt":{"rendered":"","protected":false},"featured_media":8191,"comment_status":"closed","ping_status":"closed","template":"","meta":[],"product_brand":[],"product_cat":[331,349],"product_tag":[],"class_list":{"0":"post-7900","1":"product","2":"type-product","3":"status-publish","4":"has-post-thumbnail","6":"product_cat-shranjevanje-in-ciscenje","7":"product_cat-visokotlacni-cistilniki","9":"first","10":"instock","11":"sale","12":"taxable","13":"shipping-taxable","14":"purchasable","15":"product-type-simple"},"_links":{"self":[{"href":"https:\/\/smart-car-accessories.com\/sl\/wp-json\/wp\/v2\/product\/7900","targetHints":{"allow":["GET"]}}],"collection":[{"href":"https:\/\/smart-car-accessories.com\/sl\/wp-json\/wp\/v2\/product"}],"about":[{"href":"https:\/\/smart-car-accessories.com\/sl\/wp-json\/wp\/v2\/types\/product"}],"replies":[{"embeddable":true,"href":"https:\/\/smart-car-accessories.com\/sl\/wp-json\/wp\/v2\/comments?post=7900"}],"wp:featuredmedia":[{"embeddable":true,"href":"https:\/\/smart-car-accessories.com\/sl\/wp-json\/wp\/v2\/media\/8191"}],"wp:attachment":[{"href":"https:\/\/smart-car-accessories.com\/sl\/wp-json\/wp\/v2\/media?parent=7900"}],"wp:term":[{"taxonomy":"product_brand","embeddable":true,"href":"https:\/\/smart-car-accessories.com\/sl\/wp-json\/wp\/v2\/product_brand?post=7900"},{"taxonomy":"product_cat","embeddable":true,"href":"https:\/\/smart-car-accessories.com\/sl\/wp-json\/wp\/v2\/product_cat?post=7900"},{"taxonomy":"product_tag","embeddable":true,"href":"https:\/\/smart-car-accessories.com\/sl\/wp-json\/wp\/v2\/product_tag?post=7900"}],"curies":[{"name":"wp","href":"https:\/\/api.w.org\/{rel}","templated":true}]}}