{"id":7966,"date":"2026-04-08T05:03:59","date_gmt":"2026-04-08T05:03:59","guid":{"rendered":"https:\/\/smart-car-accessories.com\/sl\/?post_type=product&#038;p=7966"},"modified":"2026-04-08T05:09:41","modified_gmt":"2026-04-08T05:09:41","slug":"elektricna-stresna-sotor-hitra-namestitev","status":"publish","type":"product","link":"https:\/\/smart-car-accessories.com\/sl\/product\/elektricna-stresna-sotor-hitra-namestitev\/","title":{"rendered":"Elektri\u010dna Stre\u0161na \u0160otor | Hitra Namestitev \u00ae"},"content":{"rendered":"","protected":false},"excerpt":{"rendered":"","protected":false},"featured_media":8257,"comment_status":"closed","ping_status":"closed","template":"","meta":[],"product_brand":[],"product_cat":[],"product_tag":[298],"class_list":{"0":"post-7966","1":"product","2":"type-product","3":"status-publish","4":"has-post-thumbnail","6":"product_tag-tente-de-toit","8":"first","9":"instock","10":"taxable","11":"shipping-taxable","12":"purchasable","13":"product-type-variable"},"_links":{"self":[{"href":"https:\/\/smart-car-accessories.com\/sl\/wp-json\/wp\/v2\/product\/7966","targetHints":{"allow":["GET"]}}],"collection":[{"href":"https:\/\/smart-car-accessories.com\/sl\/wp-json\/wp\/v2\/product"}],"about":[{"href":"https:\/\/smart-car-accessories.com\/sl\/wp-json\/wp\/v2\/types\/product"}],"replies":[{"embeddable":true,"href":"https:\/\/smart-car-accessories.com\/sl\/wp-json\/wp\/v2\/comments?post=7966"}],"wp:featuredmedia":[{"embeddable":true,"href":"https:\/\/smart-car-accessories.com\/sl\/wp-json\/wp\/v2\/media\/8257"}],"wp:attachment":[{"href":"https:\/\/smart-car-accessories.com\/sl\/wp-json\/wp\/v2\/media?parent=7966"}],"wp:term":[{"taxonomy":"product_brand","embeddable":true,"href":"https:\/\/smart-car-accessories.com\/sl\/wp-json\/wp\/v2\/product_brand?post=7966"},{"taxonomy":"product_cat","embeddable":true,"href":"https:\/\/smart-car-accessories.com\/sl\/wp-json\/wp\/v2\/product_cat?post=7966"},{"taxonomy":"product_tag","embeddable":true,"href":"https:\/\/smart-car-accessories.com\/sl\/wp-json\/wp\/v2\/product_tag?post=7966"}],"curies":[{"name":"wp","href":"https:\/\/api.w.org\/{rel}","templated":true}]}}