{"id":7983,"date":"2026-04-08T05:04:04","date_gmt":"2026-04-08T05:04:04","guid":{"rendered":"https:\/\/smart-car-accessories.com\/sl\/?post_type=product&#038;p=7983"},"modified":"2026-04-08T05:05:22","modified_gmt":"2026-04-08T05:05:22","slug":"soncna-zascita-za-avtodom-solarna-zascita","status":"publish","type":"product","link":"https:\/\/smart-car-accessories.com\/sl\/product\/soncna-zascita-za-avtodom-solarna-zascita\/","title":{"rendered":"Son\u010dna za\u0161\u010dita za avtodom | Solarna za\u0161\u010dita \u00ae"},"content":{"rendered":"","protected":false},"excerpt":{"rendered":"","protected":false},"featured_media":8274,"comment_status":"closed","ping_status":"closed","template":"","meta":[],"product_brand":[],"product_cat":[330,345],"product_tag":[300],"class_list":{"0":"post-7983","1":"product","2":"type-product","3":"status-publish","4":"has-post-thumbnail","6":"product_cat-dodatki","7":"product_cat-soncne-sencnike","8":"product_tag-pare-soleil-voiture","10":"first","11":"instock","12":"taxable","13":"shipping-taxable","14":"purchasable","15":"product-type-simple"},"_links":{"self":[{"href":"https:\/\/smart-car-accessories.com\/sl\/wp-json\/wp\/v2\/product\/7983","targetHints":{"allow":["GET"]}}],"collection":[{"href":"https:\/\/smart-car-accessories.com\/sl\/wp-json\/wp\/v2\/product"}],"about":[{"href":"https:\/\/smart-car-accessories.com\/sl\/wp-json\/wp\/v2\/types\/product"}],"replies":[{"embeddable":true,"href":"https:\/\/smart-car-accessories.com\/sl\/wp-json\/wp\/v2\/comments?post=7983"}],"wp:featuredmedia":[{"embeddable":true,"href":"https:\/\/smart-car-accessories.com\/sl\/wp-json\/wp\/v2\/media\/8274"}],"wp:attachment":[{"href":"https:\/\/smart-car-accessories.com\/sl\/wp-json\/wp\/v2\/media?parent=7983"}],"wp:term":[{"taxonomy":"product_brand","embeddable":true,"href":"https:\/\/smart-car-accessories.com\/sl\/wp-json\/wp\/v2\/product_brand?post=7983"},{"taxonomy":"product_cat","embeddable":true,"href":"https:\/\/smart-car-accessories.com\/sl\/wp-json\/wp\/v2\/product_cat?post=7983"},{"taxonomy":"product_tag","embeddable":true,"href":"https:\/\/smart-car-accessories.com\/sl\/wp-json\/wp\/v2\/product_tag?post=7983"}],"curies":[{"name":"wp","href":"https:\/\/api.w.org\/{rel}","templated":true}]}}