{"id":8125,"date":"2026-04-08T05:04:30","date_gmt":"2026-04-08T05:04:30","guid":{"rendered":"https:\/\/smart-car-accessories.com\/sl\/?post_type=product&#038;p=8125"},"modified":"2026-04-08T05:06:20","modified_gmt":"2026-04-08T05:06:20","slug":"brezzicni-avto-sesalnik-mocan-in-ucinkovit","status":"publish","type":"product","link":"https:\/\/smart-car-accessories.com\/sl\/product\/brezzicni-avto-sesalnik-mocan-in-ucinkovit\/","title":{"rendered":"Brez\u017ei\u010dni avto sesalnik &#8211; Mo\u010dan in u\u010dinkovit"},"content":{"rendered":"","protected":false},"excerpt":{"rendered":"","protected":false},"featured_media":8416,"comment_status":"closed","ping_status":"closed","template":"","meta":[],"product_brand":[],"product_cat":[],"product_tag":[323],"class_list":{"0":"post-8125","1":"product","2":"type-product","3":"status-publish","4":"has-post-thumbnail","6":"product_tag-aspirateur-voiture","8":"first","9":"instock","10":"sale","11":"taxable","12":"shipping-taxable","13":"purchasable","14":"product-type-simple"},"_links":{"self":[{"href":"https:\/\/smart-car-accessories.com\/sl\/wp-json\/wp\/v2\/product\/8125","targetHints":{"allow":["GET"]}}],"collection":[{"href":"https:\/\/smart-car-accessories.com\/sl\/wp-json\/wp\/v2\/product"}],"about":[{"href":"https:\/\/smart-car-accessories.com\/sl\/wp-json\/wp\/v2\/types\/product"}],"replies":[{"embeddable":true,"href":"https:\/\/smart-car-accessories.com\/sl\/wp-json\/wp\/v2\/comments?post=8125"}],"wp:featuredmedia":[{"embeddable":true,"href":"https:\/\/smart-car-accessories.com\/sl\/wp-json\/wp\/v2\/media\/8416"}],"wp:attachment":[{"href":"https:\/\/smart-car-accessories.com\/sl\/wp-json\/wp\/v2\/media?parent=8125"}],"wp:term":[{"taxonomy":"product_brand","embeddable":true,"href":"https:\/\/smart-car-accessories.com\/sl\/wp-json\/wp\/v2\/product_brand?post=8125"},{"taxonomy":"product_cat","embeddable":true,"href":"https:\/\/smart-car-accessories.com\/sl\/wp-json\/wp\/v2\/product_cat?post=8125"},{"taxonomy":"product_tag","embeddable":true,"href":"https:\/\/smart-car-accessories.com\/sl\/wp-json\/wp\/v2\/product_tag?post=8125"}],"curies":[{"name":"wp","href":"https:\/\/api.w.org\/{rel}","templated":true}]}}